{"id":36,"date":"2016-07-11T10:44:54","date_gmt":"2016-07-11T08:44:54","guid":{"rendered":"http:\/\/wvb.rhsoft.at\/?page_id=36"},"modified":"2025-01-20T09:27:29","modified_gmt":"2025-01-20T08:27:29","slug":"auszeichnungen","status":"publish","type":"page","link":"http:\/\/www.wy-volksbuehne.at\/?page_id=36","title":{"rendered":"Auszeichnungen"},"content":{"rendered":"<p><span style=\"font-weight: 600; font-style: inherit;\">BETTY HUBER<\/span><\/p>\n<p style=\"text-align: left;\">1966 Ehrenmitglied der Volksb\u00fchne<\/p>\n<p style=\"text-align: left;\"><span style=\"font-weight: 600; font-style: inherit;\">ERNST\u00a0<\/span><span style=\"font-weight: 600;\">SCHWARZ-RH\u00d6NSTEG<\/span><\/p>\n<p style=\"text-align: left;\">1966 Ehrenmitglied der Volksb\u00fchne<\/p>\n<p style=\"text-align: left;\"><span style=\"font-weight: 600; font-style: inherit;\">FRITZ HASELSTEINER<\/span><\/p>\n<p style=\"text-align: left;\">1966 Verleihung der Goldmedaille f\u00fcr\u00a0<span style=\"font-style: inherit;\">Verdienste um das\u00a0<\/span><span style=\"font-style: inherit;\">Bundesland Nieder\u00f6sterreich<\/span><\/p>\n<p style=\"text-align: left;\"><span style=\"font-weight: 600; font-style: inherit;\">VOLKSB\u00dcHNE<\/span><\/p>\n<p style=\"text-align: left;\"><span style=\"font-style: inherit;\">1980 Max-Mell-Medaille<\/span><\/p>\n<p style=\"text-align: left;\">1998 Kulturpreis der Stadt Waidhofen<\/p>\n<p style=\"text-align: left;\"><span style=\"font-weight: 600; font-style: inherit;\">FRANZ KREJCAREK<\/span><\/p>\n<p style=\"text-align: left;\">1981 Ehrenring der Volksb\u00fchne<\/p>\n<p style=\"text-align: left;\">1983 Hans-Naderer-Medaille<\/p>\n<p style=\"text-align: left;\"><span style=\"font-weight: 600; font-style: inherit;\">ERNST EIBENBERGER<\/span><\/p>\n<p style=\"text-align: left;\">1983 Silberne Ehrennadel des Landesverbandes N\u00d6<\/p>\n<p style=\"text-align: left;\"><span style=\"font-weight: 600; font-style: inherit;\">HILDE FALLY<\/span><\/p>\n<p style=\"text-align: left;\">1983 Silberne Ehrennadel des Landesverbandes N\u00d6<\/p>\n<p style=\"text-align: left;\">1983 Silberne Ehrennadel des Landesverbandes N\u00d6<\/p>\n<p style=\"text-align: left;\">2008 Goldmed. des Ehrenzeichens f\u00fcr Verd. Land N\u00d6<\/p>\n<p style=\"text-align: left;\">2009 Ehrenring der Volksb\u00fchne<\/p>\n<p style=\"text-align: left;\">2012\u00a0<span style=\"font-style: inherit;\">Silbernes Ehrenzeichen der Stadt Waidhofen<\/span><\/p>\n<p style=\"text-align: left;\"><span style=\"font-weight: 600; font-style: inherit;\">WERNER FALLY<\/span><\/p>\n<p style=\"text-align: left;\">1983\u00a0<span style=\"font-style: inherit;\">Silberne Ehrennadel des Landesverbandes N\u00d6<\/span><\/p>\n<p style=\"text-align: left;\">1998 Silberne Ehrenplakette der Stadt Waidhofen<\/p>\n<p style=\"text-align: left;\">2000 Ehrenring der Volksb\u00fchne<\/p>\n<p style=\"text-align: left;\">2008 Goldmed. des Ehrenzeichens f\u00fcr Verd. Land N\u00d6<\/p>\n<p style=\"text-align: left;\">2012 Goldenes Ehrenzeichen der Stadt Waidhofen<\/p>\n<p style=\"text-align: left;\">2013 Goldene Ehrennadel der Waidhofner Volksb\u00fchne<\/p>\n<p style=\"text-align: left;\">2013 Ehrenobmann der Waidhofner Volksb\u00fchne<\/p>\n<p style=\"text-align: left;\"><span style=\"font-weight: 600; font-style: inherit;\">HERTA GAMPUS<\/span><\/p>\n<p style=\"text-align: left;\">1983 Silberne Ehrennadel des Landesverbandes N\u00d6<\/p>\n<p style=\"text-align: left;\">1990 Ehrenring der Volksb\u00fchne<\/p>\n<p style=\"text-align: left;\"><span style=\"font-weight: 600; font-style: inherit;\">PAUL KONECNY<\/span><\/p>\n<p style=\"text-align: left;\">2004 Ehrenring der Volksb\u00fchne<\/p>\n<p style=\"text-align: left;\"><span style=\"font-weight: 600;\">HEINRICH SCHNITTLER<\/span><\/p>\n<p style=\"text-align: left;\">1983 Silberne Ehrennadel des Landesverbandes N\u00d6<\/p>\n<p style=\"text-align: left;\">1999 Ehrenring der Volksb\u00fchne<\/p>\n<p style=\"text-align: left;\"><span style=\"font-weight: 600; font-style: inherit;\">MARGIT STOWASSER<\/span><\/p>\n<p style=\"text-align: left;\">2009 Ehrenring der Volksb\u00fchne<\/p>\n<p style=\"text-align: left;\"><span style=\"font-weight: 600; font-style: inherit;\">KURT NEUREITER<\/span><\/p>\n<p style=\"text-align: left;\">1984 Ehrenring der Volksb\u00fchne<\/p>\n<p style=\"text-align: left;\"><span style=\"font-weight: 600; font-style: inherit;\">ERNST\u00a0<\/span><span style=\"font-weight: 600;\">FANGMETER<\/span><\/p>\n<p style=\"text-align: left;\">1997 Ehrenplakette in Bronze des Landesverbandes N\u00d6<\/p>\n<p><strong>ALEXANDER RIESS<\/strong><\/p>\n<p>2025 Ehrenring der Volksb\u00fchne<\/p>\n<p><strong>RUDOLF WURZENBERGER<\/strong><\/p>\n<p>2025 Ehrenring der Volksb\u00fchne<\/p>\n","protected":false},"excerpt":{"rendered":"<p>BETTY HUBER 1966 Ehrenmitglied der Volksb\u00fchne ERNST\u00a0SCHWARZ-RH\u00d6NSTEG 1966 Ehrenmitglied der Volksb\u00fchne FRITZ HASELSTEINER 1966 Verleihung der Goldmedaille f\u00fcr\u00a0Verdienste um das\u00a0Bundesland Nieder\u00f6sterreich VOLKSB\u00dcHNE 1980 Max-Mell-Medaille 1998 Kulturpreis der Stadt Waidhofen FRANZ KREJCAREK 1981 Ehrenring der&#46;&#46;&#46;<\/p>\n","protected":false},"author":1,"featured_media":0,"parent":15,"menu_order":0,"comment_status":"closed","ping_status":"closed","template":"page-templates\/child-menu.php","meta":{"footnotes":"","_links_to":"","_links_to_target":""},"class_list":["post-36","page","type-page","status-publish","hentry"],"_links":{"self":[{"href":"http:\/\/www.wy-volksbuehne.at\/index.php?rest_route=\/wp\/v2\/pages\/36","targetHints":{"allow":["GET"]}}],"collection":[{"href":"http:\/\/www.wy-volksbuehne.at\/index.php?rest_route=\/wp\/v2\/pages"}],"about":[{"href":"http:\/\/www.wy-volksbuehne.at\/index.php?rest_route=\/wp\/v2\/types\/page"}],"author":[{"embeddable":true,"href":"http:\/\/www.wy-volksbuehne.at\/index.php?rest_route=\/wp\/v2\/users\/1"}],"replies":[{"embeddable":true,"href":"http:\/\/www.wy-volksbuehne.at\/index.php?rest_route=%2Fwp%2Fv2%2Fcomments&post=36"}],"version-history":[{"count":14,"href":"http:\/\/www.wy-volksbuehne.at\/index.php?rest_route=\/wp\/v2\/pages\/36\/revisions"}],"predecessor-version":[{"id":1708,"href":"http:\/\/www.wy-volksbuehne.at\/index.php?rest_route=\/wp\/v2\/pages\/36\/revisions\/1708"}],"up":[{"embeddable":true,"href":"http:\/\/www.wy-volksbuehne.at\/index.php?rest_route=\/wp\/v2\/pages\/15"}],"wp:attachment":[{"href":"http:\/\/www.wy-volksbuehne.at\/index.php?rest_route=%2Fwp%2Fv2%2Fmedia&parent=36"}],"curies":[{"name":"wp","href":"https:\/\/api.w.org\/{rel}","templated":true}]}}