{"id":26,"date":"2016-07-11T10:42:03","date_gmt":"2016-07-11T08:42:03","guid":{"rendered":"http:\/\/wvb.rhsoft.at\/?page_id=26"},"modified":"2016-08-23T19:26:36","modified_gmt":"2016-08-23T17:26:36","slug":"besonderheiten","status":"publish","type":"page","link":"http:\/\/www.wy-volksbuehne.at\/?page_id=26","title":{"rendered":"Besonderheiten"},"content":{"rendered":"<p><strong><span class=\"maintextbold\">Gelbhemden<\/span><\/strong><\/p>\n<p><strong><span class=\"maintextbold\"><img loading=\"lazy\" decoding=\"async\" class=\"alignnone  wp-image-604\" src=\"http:\/\/wvb.rhsoft.at\/wp-content\/uploads\/Gelbhemden-300x225.jpg\" alt=\"Gelbhemden\" width=\"504\" height=\"378\" srcset=\"http:\/\/www.wy-volksbuehne.at\/wp-content\/uploads\/Gelbhemden-300x225.jpg 300w, http:\/\/www.wy-volksbuehne.at\/wp-content\/uploads\/Gelbhemden-768x576.jpg 768w, http:\/\/www.wy-volksbuehne.at\/wp-content\/uploads\/Gelbhemden-1024x768.jpg 1024w\" sizes=\"auto, (max-width: 504px) 100vw, 504px\" \/><\/span><\/strong><br \/>\nDie Gelbhemden sind eine besondere Institution und ein wahres Markenzeichen der Waidhofner Volksb\u00fchne.<br \/>\nAls Gelbhemden bezeichnet man alle helfenden, im Hintergrund t\u00e4tigen Personen &#8211; vom Kassier \u00fcber die B\u00fchnenarbeiter, von den Leuten am Buffet bis zum Platzanweiser.<br \/>\nDiese &#8222;helfenden H\u00e4nde&#8220; in ihren einzigartig gelben Poloshirts sind un\u00fcbersehbar und stehen jedem Besucher hilfreich zur Seite.<\/p>\n<p><strong><span class=\"maintextbold\">Programmhefte\u00a0<\/span><\/strong><br \/>\nDie Programmhefte liegen bei jeder Vorstellung zur freien Entnahme auf.<\/p>\n<p><strong><span class=\"maintextbold\">Gourmet &amp; Logen-Ticket<\/span><\/strong><br \/>\nIm Sommer gibt es Theaterkarten in Kombination mit einem Theaterbuffet. Der Gast sitzt w\u00e4hrend der Auff\u00fchrung auf einer \u00fcberdachten Terrasse (beim Schlosswirt). Reservierung und Ticketverkauf nur beim [<a href=\"http:\/\/www.schlosswirt-rothschild.at\" target=\"_blank\">Schlosswirt im Rothschildschloss<\/a>] unter 07442\/53657.<\/p>\n<p><strong><span class=\"maintextbold\">Waidhofner Volksb\u00fchne-Buch<\/span><\/strong><br \/>\n&#8222;So ein Theater &#8230;&#8220; (Die Waidhofner Volksb\u00fchne 1950 &#8211; 2000) ein 120 Seiten starkes Buch von Dr. Peter Maier wurde anl\u00e4sslich der 50 Jahrfeier im Jahre 2000 ver\u00f6ffentlicht.<\/p>\n<p><strong><span class=\"maintextbold\">Waidhofner Volksb\u00fchne-Briefmarke<\/span><\/strong><br \/>\n2005 war f\u00fcr die Waidhofner Volksb\u00fchne ein besonderes Jahr &#8211; vor 100 Jahren wurde der Gr\u00fcnder des Vereins, Fritz Haselsteiner, geboren. Er schrieb das St\u00fcck &#8222;Die Blaue Mauritius&#8220;, welches 2005 uraufgef\u00fchrt wurde. Aus diesem Anlass hat die Waidhofner Volksb\u00fchne eine Briefmarke (Ausgabetag: 11.11.2005) kreiert.<\/p>\n<p><strong><span class=\"maintextbold\">Waidhofner Volksb\u00fchne-Postkarten<\/span><\/strong><br \/>\n1966 wurde das B\u00fchnenbild von &#8222;Die lustigen Weiber von Windsor&#8220; des Architekturstudenten Peter Kopa als Postkarte herausgegeben.<br \/>\n2005 wurde (mit der Waidhofner Volksb\u00fchne Briefmarke) eine &#8222;Die blaue Mauritius&#8220; Postkarte aufgelegt.<\/p>\n","protected":false},"excerpt":{"rendered":"<p>Gelbhemden Die Gelbhemden sind eine besondere Institution und ein wahres Markenzeichen der Waidhofner Volksb\u00fchne. Als Gelbhemden bezeichnet man alle helfenden, im Hintergrund t\u00e4tigen Personen &#8211; vom Kassier \u00fcber die B\u00fchnenarbeiter, von den Leuten am&#46;&#46;&#46;<\/p>\n","protected":false},"author":1,"featured_media":0,"parent":15,"menu_order":0,"comment_status":"closed","ping_status":"closed","template":"page-templates\/child-menu.php","meta":{"footnotes":"","_links_to":"","_links_to_target":""},"class_list":["post-26","page","type-page","status-publish","hentry"],"_links":{"self":[{"href":"http:\/\/www.wy-volksbuehne.at\/index.php?rest_route=\/wp\/v2\/pages\/26","targetHints":{"allow":["GET"]}}],"collection":[{"href":"http:\/\/www.wy-volksbuehne.at\/index.php?rest_route=\/wp\/v2\/pages"}],"about":[{"href":"http:\/\/www.wy-volksbuehne.at\/index.php?rest_route=\/wp\/v2\/types\/page"}],"author":[{"embeddable":true,"href":"http:\/\/www.wy-volksbuehne.at\/index.php?rest_route=\/wp\/v2\/users\/1"}],"replies":[{"embeddable":true,"href":"http:\/\/www.wy-volksbuehne.at\/index.php?rest_route=%2Fwp%2Fv2%2Fcomments&post=26"}],"version-history":[{"count":9,"href":"http:\/\/www.wy-volksbuehne.at\/index.php?rest_route=\/wp\/v2\/pages\/26\/revisions"}],"predecessor-version":[{"id":626,"href":"http:\/\/www.wy-volksbuehne.at\/index.php?rest_route=\/wp\/v2\/pages\/26\/revisions\/626"}],"up":[{"embeddable":true,"href":"http:\/\/www.wy-volksbuehne.at\/index.php?rest_route=\/wp\/v2\/pages\/15"}],"wp:attachment":[{"href":"http:\/\/www.wy-volksbuehne.at\/index.php?rest_route=%2Fwp%2Fv2%2Fmedia&parent=26"}],"curies":[{"name":"wp","href":"https:\/\/api.w.org\/{rel}","templated":true}]}}