{"id":16,"date":"2016-07-11T10:37:38","date_gmt":"2016-07-11T08:37:38","guid":{"rendered":"http:\/\/wvb.rhsoft.at\/?page_id=16"},"modified":"2016-08-23T19:26:08","modified_gmt":"2016-08-23T17:26:08","slug":"der-verein","status":"publish","type":"page","link":"http:\/\/www.wy-volksbuehne.at\/?page_id=16","title":{"rendered":"Der Verein"},"content":{"rendered":"<p>Die Waidhofner Volksb\u00fchne ist die traditionsreichste Sommerb\u00fchne Nieder\u00f6sterreichs.<br \/>\n Idealismus und Uneigenn\u00fctzigkeit der Mitglieder waren und sind die tragenden Fundamente des Vereines. Der Verein h\u00e4lt die Vergangenheit hoch, investiert in die Gegenwart und lebt die Zukunft.<\/p>\n<p style=\"text-align: left;\">Seit Jahren f\u00fchren hier Profis Regie. Die Schauspieler spielen unbezahlt &#8211; umso mehr mit Herz, Energie und Leidenschaft. Um die Professionalit\u00e4t zu heben kommt die Waidhofner Volksb\u00fchne f\u00fcr die Aus- und Weiterbildung ihrer Spieler auf. Standard ist eine Drei-Jahres-Ausbildung f\u00fcr Spieler und Spielleiter in St. P\u00f6lten ATIN\u00d6. Im Anschluss werden verschiedenste Spezialseminare (Kabarett, Maskenbildner, &#8230;) besucht. Jeder Cent wird in das Theater investiert (Ausbildung, Technik, B\u00fchnenteile, \u2026) um Jahr f\u00fcr Jahr ein Spektakel liefern zu k\u00f6nnen.<\/p>\n<p style=\"text-align: left;\">Die Waidhofner Volksb\u00fchne hat einen Stamm von ca. 80 aktiven Mitgliedern (Schauspieler und Helfer).<br \/>\n Die \u00f6ffentlichen Subventionen gehen seit Jahren zur\u00fcck, doch dank privater Sponsoren kann man trotzdem beste Qualit\u00e4t zu fairen Preisen garantieren.<\/p>\n<p style=\"text-align: left;\"><strong><span class=\"maintextbold\">Einige bekannte Schauspieler<\/span>,<\/strong><br \/>\n die ihre ersten B\u00fchnenerfahrungen bei der Waidhofner Volksb\u00fchne machten:<br \/>\n Kurt Schossmann \u2013 Burgschauspieler<br \/>\n Elfriede Sch\u00fcsseleder &#8211; Ensemblemitglied im Theater in der Josefstadt<br \/>\n Ilse Kolar \u2013 an deutschen Theatern t\u00e4tig<\/p>\n","protected":false},"excerpt":{"rendered":"<p>Die Waidhofner Volksb\u00fchne ist die traditionsreichste Sommerb\u00fchne Nieder\u00f6sterreichs. Idealismus und Uneigenn\u00fctzigkeit der Mitglieder waren und sind die tragenden Fundamente des Vereines. Der Verein h\u00e4lt die Vergangenheit hoch, investiert in die Gegenwart und lebt die&#46;&#46;&#46;<\/p>\n","protected":false},"author":1,"featured_media":0,"parent":15,"menu_order":0,"comment_status":"closed","ping_status":"closed","template":"page-templates\/child-menu.php","meta":{"footnotes":"","_links_to":"","_links_to_target":""},"class_list":["post-16","page","type-page","status-publish","hentry"],"_links":{"self":[{"href":"http:\/\/www.wy-volksbuehne.at\/index.php?rest_route=\/wp\/v2\/pages\/16","targetHints":{"allow":["GET"]}}],"collection":[{"href":"http:\/\/www.wy-volksbuehne.at\/index.php?rest_route=\/wp\/v2\/pages"}],"about":[{"href":"http:\/\/www.wy-volksbuehne.at\/index.php?rest_route=\/wp\/v2\/types\/page"}],"author":[{"embeddable":true,"href":"http:\/\/www.wy-volksbuehne.at\/index.php?rest_route=\/wp\/v2\/users\/1"}],"replies":[{"embeddable":true,"href":"http:\/\/www.wy-volksbuehne.at\/index.php?rest_route=%2Fwp%2Fv2%2Fcomments&post=16"}],"version-history":[{"count":8,"href":"http:\/\/www.wy-volksbuehne.at\/index.php?rest_route=\/wp\/v2\/pages\/16\/revisions"}],"predecessor-version":[{"id":625,"href":"http:\/\/www.wy-volksbuehne.at\/index.php?rest_route=\/wp\/v2\/pages\/16\/revisions\/625"}],"up":[{"embeddable":true,"href":"http:\/\/www.wy-volksbuehne.at\/index.php?rest_route=\/wp\/v2\/pages\/15"}],"wp:attachment":[{"href":"http:\/\/www.wy-volksbuehne.at\/index.php?rest_route=%2Fwp%2Fv2%2Fmedia&parent=16"}],"curies":[{"name":"wp","href":"https:\/\/api.w.org\/{rel}","templated":true}]}}