{"id":13,"date":"2016-07-11T10:36:32","date_gmt":"2016-07-11T08:36:32","guid":{"rendered":"http:\/\/wvb.rhsoft.at\/?page_id=13"},"modified":"2026-04-27T08:00:25","modified_gmt":"2026-04-27T06:00:25","slug":"demnaechst","status":"publish","type":"page","link":"http:\/\/www.wy-volksbuehne.at\/?page_id=13","title":{"rendered":"Demn\u00e4chst"},"content":{"rendered":"<h2 style=\"text-align: center;\">Kindertheater im Plenkersaal 2026<\/h2>\n<h2 style=\"text-align: center;\">&#8222;Mogli im Dschungel&#8220;<\/h2>\n<h2 style=\"text-align: center;\">Spielplan wird in K\u00fcrze bekanntgegeben<\/h2>\n<p>\u00a0<\/p>\n<p style=\"text-align: center;\">Die Geschichte handelt von einem Jungen, der im Dschungel heranw\u00e4chst und viele Abenteuer erlebt. Er hat mit Balu dem B\u00e4ren und Baghira dem Panther enge Freunde, die ihn vor seinem Erzfeind Schir Khan sch\u00fctzen und aus dem Dschungel vertreiben.<\/p>\n<p style=\"text-align: center;\">Es wird gesungen und getanzt und das junge Publikum kann in die faszinierende Welt des Dschungels eintauchen und genie\u00dfen!<\/p>\n<p style=\"text-align: center;\">F\u00fcr Kinder ab 3 Jahren<\/p>\n\n\n<p style=\"text-align: center;\">\u00a0<\/p>\n<p>\u00a0<\/p>\n<p style=\"text-align: center;\">\u00a0<\/p>\n<p style=\"text-align: center;\">\u00a0<\/p>\n<p>\u00a0<\/p>\n<p>\u00a0<\/p>\n","protected":false},"excerpt":{"rendered":"<p>Kindertheater im Plenkersaal 2026 &#8222;Mogli im Dschungel&#8220; Spielplan wird in K\u00fcrze bekanntgegeben \u00a0 Die Geschichte handelt von einem Jungen, der im Dschungel heranw\u00e4chst und viele Abenteuer erlebt. Er hat mit Balu dem B\u00e4ren und&#46;&#46;&#46;<\/p>\n","protected":false},"author":1,"featured_media":0,"parent":10,"menu_order":0,"comment_status":"closed","ping_status":"closed","template":"page-templates\/child-menu.php","meta":{"footnotes":"","_links_to":"","_links_to_target":""},"class_list":["post-13","page","type-page","status-publish","hentry"],"_links":{"self":[{"href":"http:\/\/www.wy-volksbuehne.at\/index.php?rest_route=\/wp\/v2\/pages\/13","targetHints":{"allow":["GET"]}}],"collection":[{"href":"http:\/\/www.wy-volksbuehne.at\/index.php?rest_route=\/wp\/v2\/pages"}],"about":[{"href":"http:\/\/www.wy-volksbuehne.at\/index.php?rest_route=\/wp\/v2\/types\/page"}],"author":[{"embeddable":true,"href":"http:\/\/www.wy-volksbuehne.at\/index.php?rest_route=\/wp\/v2\/users\/1"}],"replies":[{"embeddable":true,"href":"http:\/\/www.wy-volksbuehne.at\/index.php?rest_route=%2Fwp%2Fv2%2Fcomments&post=13"}],"version-history":[{"count":42,"href":"http:\/\/www.wy-volksbuehne.at\/index.php?rest_route=\/wp\/v2\/pages\/13\/revisions"}],"predecessor-version":[{"id":1762,"href":"http:\/\/www.wy-volksbuehne.at\/index.php?rest_route=\/wp\/v2\/pages\/13\/revisions\/1762"}],"up":[{"embeddable":true,"href":"http:\/\/www.wy-volksbuehne.at\/index.php?rest_route=\/wp\/v2\/pages\/10"}],"wp:attachment":[{"href":"http:\/\/www.wy-volksbuehne.at\/index.php?rest_route=%2Fwp%2Fv2%2Fmedia&parent=13"}],"curies":[{"name":"wp","href":"https:\/\/api.w.org\/{rel}","templated":true}]}}