{"id":118,"date":"2016-07-11T12:53:56","date_gmt":"2016-07-11T10:53:56","guid":{"rendered":"http:\/\/wvb.rhsoft.at\/?page_id=118"},"modified":"2025-09-17T16:04:04","modified_gmt":"2025-09-17T14:04:04","slug":"home","status":"publish","type":"page","link":"http:\/\/www.wy-volksbuehne.at\/","title":{"rendered":"Home"},"content":{"rendered":"<p><!-- wp:tadv\/classic-paragraph \/-->\n\n<!-- wp:tadv\/classic-paragraph -->\n<p><img loading=\"lazy\" decoding=\"async\" class=\"alignnone  wp-image-1745\" src=\"http:\/\/www.wy-volksbuehne.at\/wp-content\/uploads\/Plakat-A2_-Das-perfekte-Geheimnis_www-klein.jpg\" alt=\"\" width=\"548\" height=\"775\" srcset=\"http:\/\/www.wy-volksbuehne.at\/wp-content\/uploads\/Plakat-A2_-Das-perfekte-Geheimnis_www-klein.jpg 1810w, http:\/\/www.wy-volksbuehne.at\/wp-content\/uploads\/Plakat-A2_-Das-perfekte-Geheimnis_www-klein-212x300.jpg 212w, http:\/\/www.wy-volksbuehne.at\/wp-content\/uploads\/Plakat-A2_-Das-perfekte-Geheimnis_www-klein-724x1024.jpg 724w, http:\/\/www.wy-volksbuehne.at\/wp-content\/uploads\/Plakat-A2_-Das-perfekte-Geheimnis_www-klein-768x1086.jpg 768w, http:\/\/www.wy-volksbuehne.at\/wp-content\/uploads\/Plakat-A2_-Das-perfekte-Geheimnis_www-klein-1086x1536.jpg 1086w, http:\/\/www.wy-volksbuehne.at\/wp-content\/uploads\/Plakat-A2_-Das-perfekte-Geheimnis_www-klein-1448x2048.jpg 1448w\" sizes=\"auto, (max-width: 548px) 100vw, 548px\" \/><\/p>\n<!-- \/wp:tadv\/classic-paragraph -->\n\n<!-- wp:tadv\/classic-paragraph -->\n<p><strong>Zum St\u00fcck:<\/strong><\/p>\n<p><em>\u201eJeder von uns hat drei Leben:<\/em><br \/><em>ein \u00f6ffentliches, ein privates und ein geheimes.\u201c<\/em><\/p>\n<p>Drei P\u00e4rchen, ein Single(?), sieben Telefone und zwei Fragen: Wie gut kennen sie einander und verbirgt tats\u00e4chlich keiner von ihnen ein Geheimnis, wie sie alle einhellig beteuern?\u00a0<\/p>\n<p>Als sie bei einem Abendessen \u00fcber ein befreundetes Ehepaar sprechen, das sich aufgrund einer verr\u00e4terischen SMS getrennt hat, entschlie\u00dfen sie sich zu einem Spiel: Alle legen ihre \"Blackbox des Lebens\", also ihre Smartphones, auf den Tisch, und s\u00e4mtliche eingehenden Anrufe, SMS und WhatsApp Nachrichten werden \u00f6ffentlich gemacht.\u00a0<\/p>\n<p><br \/>Was als harmloser Spa\u00df beginnt, entwickelt sich bald zu einer emotionalen Hochschaubahn mit \u00fcberraschenden Wendungen und delikaten Offenbarungen. Denn in dem scheinbar perfekten Freundeskreis verstecken sich mehr Geheimnisse und Lebensl\u00fcgen als zu Beginn des Spiels zu erwarten waren.\u00a0<\/p>\n<p>***<\/p>\n<p>\"Die Idee war es, dieses geheime Leben zu skizzieren, dass wir nicht offenbaren k\u00f6nnen\", erkl\u00e4rte Genovese kurz nach der Pressevorf\u00fchrung des Films in Rom. \"Bis vor 20 Jahren wurden unsere Geheimnisse in uns aufbewahrt, heute sind sie in unseren Mobiltelefonen vergraben, die ein wenig zu unseren Blackboxen geworden sind.\"<br \/><br \/>Der dem St\u00fcck zugrundeliegende Film war bei den Kritikern und auch kommerziell ein Erfolg: Er gewann u.a. den h\u00f6chsten Italienischen Filmpreis, den David di Donatello in der Kategorie Bester Film und Bestes Drehbuch und erzielte in Italien einen Umsatz von \u00fcber 16 Millionen Euro. Inzwischen wurden Remakerechte in \u00fcber 18 L\u00e4nder vergeben, in denen der Film neu gedreht wurde oder noch gedreht wird, darunter China, Deutschland, Frankreich, Griechenland, Mexiko, Polen, Katar, Russland, Spanien, S\u00fcdkorea, T\u00fcrkei, Ungarn und USA.<br \/><br \/>Die deutsche Verfilmung wurde in 2020 mit dem Deutschen Filmpreis ausgezeichnet.<\/p>\n<p>(PER H. LAUKE VERLAG e.K. - Theater*Film*TV*Radio)<\/p>\n<p><strong>Schauspieler:<\/strong><\/p>\n<p>Michael ELSNER (Kurt, Sch\u00f6nheitschirurg) \/ Manuela WALCHER (Eva, Psychoanalytikerin) \/ Max BERNREITNER (Paul, Angestellter bei A1) \/ Astrid TANZER (Carla, aktuell kein Beruf, fr\u00fcher bei A1) \/ Christoph HAGEN (Peter, Taxi-Unternehmer) \/ Nicole KRONSTEINER (Bibi, Tier\u00e4rztin) \/ Christoph MARCIK (Peppe, Sportlehrer)<\/p>\n<p><strong>Regie und Bearbeitung:<\/strong><\/p>\n<p>Uschi NOCCHIERI<\/p>\n<!-- \/wp:tadv\/classic-paragraph -->\n\n<!-- wp:tadv\/classic-paragraph -->\n<p><strong>Spieltermine:<\/strong> (Beginn jeweils um 20:00Uhr)<\/p>\n<p>Freitag&nbsp;&nbsp;&nbsp;&nbsp;&nbsp;&nbsp;&nbsp;&nbsp;&nbsp;&nbsp;&nbsp;&nbsp;&nbsp;&nbsp;&nbsp;&nbsp; 14.11.&nbsp;&nbsp;&nbsp; PREMIERE<\/p>\n<p>Dienstag&nbsp; &nbsp; &nbsp; &nbsp; &nbsp; &nbsp; &nbsp; 18.11.&nbsp; &nbsp; Exklusiv-Vorstellung - Raiba Ybbstal<\/p>\n<p>Mittwoch &nbsp;&nbsp;&nbsp;&nbsp;&nbsp;&nbsp;&nbsp;&nbsp;&nbsp;&nbsp; 19.11.&nbsp;&nbsp; &nbsp;Ladiesabend*<\/p>\n<p>Freitag&nbsp; &nbsp; &nbsp; &nbsp; &nbsp; &nbsp; &nbsp; &nbsp; &nbsp;21.11.<\/p>\n<p>Samstag&nbsp; &nbsp; &nbsp; &nbsp; &nbsp; &nbsp; &nbsp; 22.11.<\/p>\n<p>Mittwoch&nbsp;&nbsp;&nbsp;&nbsp;&nbsp;&nbsp;&nbsp;&nbsp;&nbsp;&nbsp;&nbsp; 26.11.<\/p>\n<p>Freitag&nbsp;&nbsp;&nbsp;&nbsp;&nbsp;&nbsp;&nbsp;&nbsp;&nbsp;&nbsp;&nbsp;&nbsp;&nbsp;&nbsp;&nbsp;&nbsp; 28.11.<\/p>\n<p>Samstag&nbsp;&nbsp;&nbsp;&nbsp;&nbsp;&nbsp;&nbsp;&nbsp;&nbsp;&nbsp;&nbsp;&nbsp;&nbsp; 29.11.<\/p>\n<p><em>* Ladiesabend:<\/em> alle Damen im Publikum erhalten ein Glas Prosecco in der Pause gratis<\/p>\n<p>Reservierte Karten durch unsere Tickethotline bitte um 19:30 Uhr bei der Abendkassa abholen<\/p>\n<!-- \/wp:tadv\/classic-paragraph -->\n\n<!-- wp:tadv\/classic-paragraph -->\n<p><strong>Kartenpreise: (Abendkassa und am Magistrat WY im B\u00fcrgerservice)<\/strong><\/p>\n<p>Erwachsene: \u00a0\u00a0\u00a0\u00a0 \u20ac 29,-<\/p>\n<p>Erm\u00e4\u00dfigt: \u00a0\u00a0\u00a0\u00a0\u00a0\u00a0\u00a0\u00a0\u00a0\u00a0 \u20ac 27,-<\/p>\n<p>Kinder (bis 15J) \u20ac 19,-<\/p>\n<p><strong>Kartenverkauf \u00fcber \u00d6-Ticket Online oder bei \u00d6-Ticket Verkaufsstellen zuz\u00fcglich \u00d6-Ticket Geb\u00fchren!!!<\/strong><\/p>\n<p><strong>Kartenreservierungen: (Abholung bei der Abendkassa)<\/strong><\/p>\n<p>tickets@wy-volksbuehne.at oder 0676 \/ 3606522\u00a0<\/p>\n<p>\u00a0<\/p>\n<p><strong>Gutscheinverkauf:<\/strong> bei 1a Installateur MARCIK, Eberhard-Platz 4, 3340 Waidhofen a.d. Ybbs oder<\/p>\n<p>\u00a0 ein Email an volksbuehne@gmx.at schreiben -Wir senden Ihnen den Gutschein per Post zu<\/p>\n<!-- \/wp:tadv\/classic-paragraph --><\/p>\n<p><strong>GUTSCHEINVERKAUF\u00a0 als perfektes Geschenk bei:<\/strong><\/p>\n<div>Marcik GmbH<\/div>\n<div>Eberhard-Platz 4<\/div>\n<div>3340 Waidhofen<\/div>\n<div>Tel.: 07442 52278 0<\/div>\n<div>\u00d6ffnungszeiten: Mo-Fr 8:00-12:00 und 13:00-17:00<\/div>\n<div>\u00a0<\/div>\n<div>\u00a0<\/div>\n\n","protected":false},"excerpt":{"rendered":"<p>GUTSCHEINVERKAUF\u00a0 als perfektes Geschenk bei: Marcik GmbH Eberhard-Platz 4 3340 Waidhofen Tel.: 07442 52278 0 \u00d6ffnungszeiten: Mo-Fr 8:00-12:00 und 13:00-17:00 \u00a0 \u00a0<\/p>\n","protected":false},"author":1,"featured_media":0,"parent":0,"menu_order":0,"comment_status":"closed","ping_status":"closed","template":"","meta":{"footnotes":"","_links_to":"","_links_to_target":""},"class_list":["post-118","page","type-page","status-publish","hentry"],"_links":{"self":[{"href":"http:\/\/www.wy-volksbuehne.at\/index.php?rest_route=\/wp\/v2\/pages\/118","targetHints":{"allow":["GET"]}}],"collection":[{"href":"http:\/\/www.wy-volksbuehne.at\/index.php?rest_route=\/wp\/v2\/pages"}],"about":[{"href":"http:\/\/www.wy-volksbuehne.at\/index.php?rest_route=\/wp\/v2\/types\/page"}],"author":[{"embeddable":true,"href":"http:\/\/www.wy-volksbuehne.at\/index.php?rest_route=\/wp\/v2\/users\/1"}],"replies":[{"embeddable":true,"href":"http:\/\/www.wy-volksbuehne.at\/index.php?rest_route=%2Fwp%2Fv2%2Fcomments&post=118"}],"version-history":[{"count":70,"href":"http:\/\/www.wy-volksbuehne.at\/index.php?rest_route=\/wp\/v2\/pages\/118\/revisions"}],"predecessor-version":[{"id":1735,"href":"http:\/\/www.wy-volksbuehne.at\/index.php?rest_route=\/wp\/v2\/pages\/118\/revisions\/1735"}],"wp:attachment":[{"href":"http:\/\/www.wy-volksbuehne.at\/index.php?rest_route=%2Fwp%2Fv2%2Fmedia&parent=118"}],"curies":[{"name":"wp","href":"https:\/\/api.w.org\/{rel}","templated":true}]}}